{"id":28,"date":"2019-03-21T09:20:31","date_gmt":"2019-03-21T09:20:31","guid":{"rendered":"https:\/\/www.sites.mmick.org\/scheiflinger\/?page_id=28"},"modified":"2019-05-30T09:33:28","modified_gmt":"2019-05-30T09:33:28","slug":"dsgvo","status":"publish","type":"page","link":"https:\/\/www.erdbau-scheiflinger.at\/?page_id=28","title":{"rendered":"DSGVO"},"content":{"rendered":"\n<p><strong>Sicherheit und Schutz Ihrer personenbezogenen Daten<\/strong><br>\nEs ist uns ein wichtiges Anliegen, die von Ihnen bereitgestellten\npersonenbezogenen Daten anl\u00e4sslich eines Besuches auf unserer Website zu\nsch\u00fctzen. Wir sind bem\u00fcht, personenbezogene Daten durch Ergreifung aller\ntechnischen und organisatorischen Ma\u00dfnahmen so zu speichern, dass sie f\u00fcr\nDritte nicht zug\u00e4nglich sind. <br>\nWir verarbeiten Ihre Daten ausschlie\u00dflich auf Grundlage der gesetzlichen\nBestimmungen (DSGVO, TKG 2003). In diesen Datenschutzinformationen informieren\nwir Sie \u00fcber die wichtigsten Aspekte der Datenverarbeitung im Rahmen unserer\nWebsite.<\/p>\n\n\n\n<p><strong>Information \u00fcber die Erhebung personenbezogener\nDaten <br>\n<\/strong>Im Folgenden informieren wir \u00fcber die\nErhebung personenbezogener Daten bei Nutzung unserer Website. Personenbezogene\nDaten sind z.\u2009B. Name, Adresse, E-Mail Adresse, Nutzerverhalten. <\/p>\n\n\n\n<p>Erhebung personenbezogener Daten bei\nIhrem Besuch unserer Website <br>\nBei der blo\u00df informatorischen Nutzung unserer Website, also wenn Sie sich nicht\nregistrieren oder uns anderweitig Informationen \u00fcbermitteln, erheben wir nur\ndie personenbezogenen Daten, die Ihr Browser an unseren Server \u00fcbermittelt.\nWenn Sie unsere Website betrachten m\u00f6chten, erheben wir die folgenden Daten,\ndie f\u00fcr uns technisch erforderlich sind, um Ihnen unsere Website anzuzeigen und\ndie Stabilit\u00e4t und Sicherheit zu gew\u00e4hrleisten:<\/p>\n\n\n\n<ul class=\"wp-block-list\"><li>Ihre IP-Adresse<\/li><li>Datum und Uhrzeit Ihrer Anfrage<\/li><li>Zeitzonendifferenz zur Greenwich Mean Time\n     (GMT)<\/li><li>Inhalt Ihrer Anforderung (konkrete Seite)<\/li><li>Zugriffsstatus\/HTTP-Statuscode<\/li><li>jeweils \u00fcbertragene Datenmenge<\/li><li>Website, von der Ihre Anforderung kommt<\/li><li>Ihr Browser<\/li><li>Ihr Betriebssystem und dessen Oberfl\u00e4che<\/li><li>Sprache und Version Ihrer Browsersoftware. <\/li><\/ul>\n\n\n\n<p>Diese Daten k\u00f6nnen ohne Pr\u00fcfung\nweiterer Datenquellen keinen bestimmten Personen zugeordnet werden und wir\nwerten diese Daten auch nicht weiter aus solange keine rechtswidrige Nutzung\nunserer Website vorliegt. <\/p>\n\n\n\n<p><strong>Erhebung personenbezogener Daten bei Ihrer\nKontaktaufnahme mit uns<\/strong><br>\nBei einer Kontaktaufnahme mit uns per E-Mail oder \u00fcber das Kontaktformular\nwerden die von Ihnen mitgeteilten Daten (Ihr Name, Ihre E-Mail-Adresse und Ihre\nTelefonnummer) von uns gespeichert, um Ihre Anfrage zu bearbeiten bzw. um Ihnen\ndie angefragten Informationen zu liefern. Ohne Ihre Einwilligung erfolgt keine\nWeitergabe dieser personenbezogenen Daten an Dritte. Die in diesem Zusammenhang\nanfallenden Daten l\u00f6schen wir, nachdem die Speicherung nicht mehr erforderlich\nist, es sei denn der L\u00f6schung stehen gesetzliche Aufbewahrungsfristen entgegen.\n<\/p>\n\n\n\n<p><strong>Cookies<\/strong> <br>\nWir verwenden so genannte Cookies auf unserer Website. Dabei handelt es sich um\nkleine Textdateien, die mit Hilfe des Browsers auf Ihrem Endger\u00e4t abgelegt\nwerden. Sie richten keinen Schaden an.<br>\nWir nutzen Cookies dazu, unser Angebot nutzerfreundlich zu gestalten. Einige\nCookies bleiben auf Ihrem Endger\u00e4t gespeichert, bis Sie diese l\u00f6schen. Sie\nerm\u00f6glichen es uns, Ihren Browser beim n\u00e4chsten Besuch wiederzuerkennen.<br>\nWenn Sie dies nicht w\u00fcnschen, so k\u00f6nnen Sie Ihren Browser so einrichten, dass\ner Sie \u00fcber das Setzen von Cookies informiert und Sie dies nur im Einzelfall\nerlauben.<br>\nBei der Deaktivierung von Cookies kann die Funktionalit\u00e4t unserer Website\neingeschr\u00e4nkt sein.<br>\nInformationen zur Art der Cookies und zu den Gr\u00fcnde f\u00fcr ihre Verwendung finden\nSie in unserer Cookie-Erkl\u00e4rung.<\/p>\n\n\n\n<p><strong>Cookie-Einwilligung<\/strong> <br>\nBeim erstmaligen Zugriff auf unsere Website erscheint ein \u201eCookie-Fenster\u201c,\n\u00fcber das wir Sie um Ihre Einwilligung zur Verarbeitung von Daten durch Cookies\nersuchen. \u00dcber einen Link in unserer Datenschutzerkl\u00e4rung in dem Cookie-Fenster\nhaben wir Sie gleichzeitig \u00fcber die Nutzung von Cookies informiert. Durch die\nNutzung unserer Website nach Ihrer Best\u00e4tigung der Cookie-Nachricht haben Sie\ndie Datenverarbeitung gem\u00e4\u00df den Bestimmungen der Cookie-Erkl\u00e4rung akzeptiert. <\/p>\n\n\n\n<p><strong>Cookie-Erkl\u00e4rung<\/strong> <br>\nFolgende Cookies kommen im Zuge der Nutzung unserer Website zum Einsatz:<\/p>\n\n\n\n<p><strong>PHPSESSID (Session)<\/strong><br>\nZweck: Dieses Cookie speichert Ihre aktuelle Sitzung mit Bezug auf\nPHP-Anwendungen und gew\u00e4hrleistet so, dass alle Funktionen dieser Website, die\nauf der PHP-Programmiersprache basieren, vollst\u00e4ndig angezeigt werden k\u00f6nnen.\nSpeicherdauer: Bis zum Ende der Browsersitzung (wird beim Schlie\u00dfen Ihres\nInternet-Browsers gel\u00f6scht).<\/p>\n\n\n\n<p><strong>cookie_notice_accepted<\/strong> <br>\nZweck: Dieses Cookie speichert ob und wann ein Benutzer durch Best\u00e4tigung in\ndie Cookie-Erkl\u00e4rung eingewilligt hat. Speicherdauer: 1 Monat.<\/p>\n\n\n\n<p><strong>Google Maps (khcookie, NID, SNID und PREF)<\/strong><br>\nZweck: Diese Cookies werden eingesetzt, um den Kartendienst Google Maps nutzen\nzu k\u00f6nnen. Speicherdauer: 6 Monate \u2013 2 Jahre.<\/p>\n\n\n\n<p><strong>Conversion Tracking mit dem Facebook-Pixel<\/strong><br>\nOptional setzen wir innerhalb unseres Internetauftritts den\n\u201eBesucheraktions-Pixel\u201d der Facebook Inc. 1601 S. California Ave, Palo Alto, CA\n94304, USA (im Folgenden \u201eFacebook\u201c). ein. Der Einsatz des Facebook-Pixel erfolgt\nerst nach Zustimmung des Benutzers. Damit kann das Verhalten von Nutzern\nnachverfolgt werden, nachdem diese durch Klick auf eine Facebook-Werbeanzeige\nauf die Website des Anbieters weitergeleitet wurden. Dieses Verfahren dient\ndazu, die Wirksamkeit der Facebook-Werbeanzeigen f\u00fcr statistische und\nMarktforschungszwecke auszuwerten und kann dazu beitragen, zuk\u00fcnftige\nWerbema\u00dfnahmen zu optimieren. <br>\nDie erhobenen Daten sind f\u00fcr uns anonym, bieten uns also keine R\u00fcckschl\u00fcsse auf\ndie Identit\u00e4t der Nutzer. Allerdings werden die Daten von Facebook gespeichert\nund verarbeitet, sodass eine Verbindung zum jeweiligen Nutzerprofil m\u00f6glich ist\nund Facebook die Daten f\u00fcr eigene Werbezwecke, entsprechend der Facebook-\nDatenverwendungsrichtlinie (<a href=\"https:\/\/www.facebook.com\/about\/privacy\/\" target=\"_blank\" rel=\"noreferrer noopener\">https:\/\/www.facebook.com\/about\/privacy\/<\/a>) verwenden kann.\nSie k\u00f6nnen Facebook sowie dessen Partnern das Schalten von Werbeanzeigen auf\nund au\u00dferhalb von Facebook erm\u00f6glichen. Es kann ferner zu diesen Zwecken ein\nCookie auf Ihrem Rechner gespeichert werden. Eine Einwilligung in den Einsatz\ndes Besucheraktions-Pixels darf nur von Nutzern, die \u00e4lter als 13 Jahre alt\nsind, erkl\u00e4rt werden. Falls Sie j\u00fcnger sind, bitten wir Sie, Ihre\nErziehungsberechtigten um Erlaubnis zu fragen.<br>\nHier k\u00f6nnen Sie Ihre Einwilligung widerrufen: <a href=\"https:\/\/www.aboutads.info\/choices\/\" target=\"_blank\" rel=\"noreferrer noopener\">https:\/\/www.aboutads.info\/choices\/<\/a> <\/p>\n\n\n\n<p><strong>Eingebettete YouTube-Videos<\/strong><br>\nAuf unserer Website betten wir Youtube-Videos ein. Betreiber der entsprechenden\nPlugins ist die YouTube, LLC, 901 Cherry Ave., San Bruno, CA 94066, USA. Wenn\nSie eine Seite mit dem YouTube-Plugin besuchen, wird eine Verbindung zu Servern\nvon Youtube hergestellt. Dabei wird Youtube mitgeteilt, welche Seiten Sie\nbesuchen. Wenn Sie in Ihrem Youtube-Account eingeloggt sind, kann Youtube Ihr\nSurfverhalten Ihnen pers\u00f6nlich zuzuordnen. Dies verhindern Sie, indem Sie sich\nvorher aus Ihrem Youtube-Account ausloggen.<br>\nWird ein Youtube-Video gestartet, setzt der Anbieter Cookies ein, die Hinweise\n\u00fcber das Nutzerverhalten sammeln.<br>\nWer das Speichern von Cookies f\u00fcr das Google-Ad-Programm deaktiviert hat, wird\nauch beim Anschauen von Youtube-Videos mit keinen solchen Cookies rechnen\nm\u00fcssen. YouTube legt aber auch in anderen Cookies nicht-personenbezogene\nNutzungsinformationen ab. M\u00f6chten Sie dies verhindern, so m\u00fcssen Sie das\nSpeichern von Cookies im Browser blockieren. <br>\nWeitere Informationen zum Datenschutz bei \u201eYoutube\u201c finden Sie in der\nDatenschutzerkl\u00e4rung des Anbieters unter: <a href=\"https:\/\/www.google.de\/intl\/de\/policies\/privacy\" target=\"_blank\" rel=\"noreferrer noopener\">https:\/\/www.google.de\/intl\/de\/policies\/privacy<\/a> <\/p>\n\n\n\n<p><strong>Einsatz von Google Remarketing<\/strong><br>\nDiese Website verwendet die Remarketing-Funktion der Google Inc. Die Funktion\ndient dazu, Webseitenbesuchern innerhalb des Google-Werbenetzwerks\ninteressenbezogene Werbeanzeigen zu pr\u00e4sentieren. Im Browser des\nWebseitenbesuchers wird ein sog. \u201eCookie\u201c gespeichert, der es erm\u00f6glicht, den\nBesucher wiederzuerkennen, wenn dieser Webseiten aufruft, die dem Werbenetzwerk\nvon Google angeh\u00f6ren. Auf diesen Seiten k\u00f6nnen dem Besucher Werbeanzeigen\npr\u00e4sentiert werden, die sich auf Inhalte beziehen, die der Besucher zuvor auf\nWebseiten aufgerufen hat, die die Remarketing Funktion von Google verwenden. <br>\nNach eigenen Angaben erhebt Google bei diesem Vorgang keine personenbezogenen\nDaten. Sollten Sie die Funktion Remarketing von Google dennoch nicht w\u00fcnschen,\nk\u00f6nnen Sie diese grunds\u00e4tzlich deaktivieren, indem Sie die entsprechenden\nEinstellungen unter https:\/\/www.google.com\/settings\/ads vornehmen. Alternativ\nk\u00f6nnen Sie den Einsatz von Cookies f\u00fcr interessenbezogene Werbung \u00fcber die\nWerbenetzwerkinitiative deaktivieren, indem Sie den Anweisungen unter <a href=\"https:\/\/www.networkadvertising.org\/managing\/opt_out.asp\" target=\"_blank\" rel=\"noreferrer noopener\">https:\/\/www.networkadvertising.org\/managing\/opt_out.asp<\/a>&nbsp;folgen. <\/p>\n\n\n\n<p><strong>Verwendung von Google Maps<\/strong><br>\nAuf dieser Website nutzen wir das Angebot von Google Maps. Dadurch k\u00f6nnen wir\nIhnen interaktive Karten direkt in der Website anzeigen und erm\u00f6glichen Ihnen\ndie komfortable Nutzung der Karten-Funktion. <br>\nDurch den Besuch auf der Website erh\u00e4lt Google die Information, dass Sie die\nentsprechende Unterseite unserer Website aufgerufen haben. Zudem werden die\nunter \u00a7 3 dieser Erkl\u00e4rung genannten Daten \u00fcbermittelt. Dies erfolgt unabh\u00e4ngig\ndavon, ob Google ein Nutzerkonto bereitstellt, \u00fcber das Sie eingeloggt sind,\noder ob kein Nutzerkonto besteht. Wenn Sie bei Google eingeloggt sind, werden\nIhre Daten direkt Ihrem Konto zugeordnet. Wenn Sie die Zuordnung mit Ihrem\nProfil bei Google nicht w\u00fcnschen, m\u00fcssen Sie sich vor Aktivierung des Buttons\nausloggen. Google speichert Ihre Daten als Nutzungsprofile und nutzt sie f\u00fcr\nZwecke der Werbung, Marktforschung und\/oder bedarfsgerechten Gestaltung seiner\nWebsite. Eine solche Auswertung erfolgt insbesondere (selbst f\u00fcr nicht\neingeloggte Nutzer) zur Erbringung von bedarfsgerechter Werbung und um andere\nNutzer des sozialen Netzwerks \u00fcber Ihre Aktivit\u00e4ten auf unserer Website zu\ninformieren. Ihnen steht ein Widerspruchsrecht zu gegen die Bildung dieser\nNutzerprofile, wobei Sie sich zur Aus\u00fcbung dessen an Google richten m\u00fcssen.<br>\nWeitere Informationen zu Zweck und Umfang der Datenerhebung und ihrer\nVerarbeitung durch den Plug-in-Anbieter erhalten Sie in den\nDatenschutzerkl\u00e4rungen des Anbieters. Dort erhalten Sie auch weitere\nInformationen zu Ihren diesbez\u00fcglichen Rechten und Einstellungsm\u00f6glichkeiten\nzum Schutze Ihrer Privatsph\u00e4re: <a href=\"https:\/\/www.google.de\/intl\/de\/policies\/privacy\" target=\"_blank\" rel=\"noreferrer noopener\">www.google.de\/intl\/de\/policies\/privacy<\/a>. Google\nverarbeitet Ihre personenbezogenen Daten auch in den USA und hat sich dem EU-US\nPrivacy Shield unterworfen,&nbsp;<a href=\"https:\/\/www.privacyshield.gov\/EU-US-Framework\" target=\"_blank\" rel=\"noreferrer noopener\">www.privacyshield.gov\/EU-US-Framework<\/a>. <\/p>\n\n\n\n<p><strong>Verwendung des Google Tag Managers<\/strong><br>\nDiese Website benutzt den Google Tag Manager, eine L\u00f6sung der Google Inc.\n(\u201eGoogle\u201c) zur Verwaltung von Website-Tags \u00fcber eine Oberfl\u00e4che. Anbieter ist\ndie Google Inc., 1600 Amphitheatre Parkway Mountain View, CA 94043, USA. <br>\nDer Google Tag Manager selbst ist eine cookielose Domain, die keine\npersonenbezogenen Daten erfasst. Das Tool sorgt f\u00fcr die Ausl\u00f6sung anderer Tags,\ndie ihrerseits unter Umst\u00e4nden Daten erfassen. Der Google Tag Manager greift\nnicht auf diese Daten zu. Wenn auf Domain- oder Cookie-Ebene eine Deaktivierung\nvorgenommen wurde, bleibt diese f\u00fcr alle Tracking-Tags bestehen, die mit Google\nTag Manager implementiert werden. <\/p>\n\n\n\n<p><strong>Verwendung von Scriptbibliotheken (Google Webfonts)<\/strong><br>\nUm unsere Inhalte browser\u00fcbergreifend korrekt und grafisch ansprechend\ndarzustellen, verwenden wir auf dieser Website Scriptbibliotheken und\nSchriftbibliotheken wie z. B. Google Webfonts (<a href=\"https:\/\/www.google.com\/webfonts\" target=\"_blank\" rel=\"noreferrer noopener\">www.google.com\/webfonts<\/a>). Google Webfonts\nwerden zur Vermeidung mehrfachen Ladens in den Cache Ihres Browsers \u00fcbertragen.\nFalls der Browser die Google Webfonts nicht unterst\u00fctzt oder den Zugriff\nunterbindet, werden Inhalte in einer Standardschrift angezeigt.<br>\nDer Aufruf von Scriptbibliotheken oder Schriftbibliotheken l\u00f6st automatisch\neine Verbindung zum Betreiber der Bibliothek aus. Dabei ist es theoretisch\nm\u00f6glich \u2013 aktuell allerdings auch unklar ob und ggf. zu welchen Zwecken \u2013 dass\nBetreiber entsprechender Bibliotheken Daten erheben.<br>\nDie Datenschutzrichtlinie des Bibliothekbetreibers Google finden Sie hier: <a href=\"https:\/\/www.google.de\/intl\/de\/policies\/privacy\" target=\"_blank\" rel=\"noreferrer noopener\">www.google.de\/intl\/de\/policies\/privacy<\/a>.<\/p>\n\n\n\n<p><strong>Dauer, f\u00fcr die Ihre personenbezogenen Daten\ngespeichert werden<\/strong> <br>\nDas Kriterium f\u00fcr die Dauer der Speicherung von personenbezogenen Daten ist die\njeweilige gesetzliche Aufbewahrungsfrist. Nach Ablauf der Frist werden die\nentsprechenden Daten routinem\u00e4\u00dfig gel\u00f6scht, sofern sie nicht mehr zur Vertragserf\u00fcllung\noder Vertragsanbahnung erforderlich sind. <\/p>\n\n\n\n<p><strong>Ihre Rechte<\/strong> <br>\nIhnen stehen bei Vorliegen der gesetzlichen Voraussetzungen die Rechte auf\nAuskunft, Berichtigung, L\u00f6schung (\u201eRecht auf vergessen werden\u201c), Einschr\u00e4nkung\nder Verarbeitung, Daten\u00fcbertragbarkeit, Widerruf Ihrer Einwilligung und\nWiderspruch zu.<br>\nSie haben auch das Recht sich bei der Aufsichtsbeh\u00f6rde zu beschweren, wenn Sie\nder Ansicht sind, dass die Verarbeitung Ihrer personenbezogenen Daten gegen das\nDatenschutzrecht verst\u00f6\u00dft oder Ihre datenschutzrechtlichen Anspr\u00fcche sonst in\neiner Weise verletzt worden sind. In \u00d6sterreich ist die zust\u00e4ndige\nAufsichtsbeh\u00f6rde die \u00d6sterreichische Datenschutzbeh\u00f6rde (DSB). <\/p>\n\n\n\n<p><strong>\u00c4nderung dieser Datenschutzbestimmungen<\/strong><br>\nWir behalten uns vor, diese Datenschutzerkl\u00e4rung bei Bedarf anzupassen, um\nstets den aktuellen rechtlichen Anforderungen zu entsprechen oder \u00c4nderungen\nunseres Leistungsportfolios in der Datenschutzerkl\u00e4rung nachzukommen. F\u00fcr Ihren\nerneuten Besuch gilt dann die neue Datenschutzerkl\u00e4rung, die Sie mit Nutzung\nunserer Website akzeptieren.<\/p>\n\n\n\n<p><strong>Ihre Fragen zu unserem Datenschutz<\/strong> <br>\nBei Fragen zu unserer Datenschutzerkl\u00e4rung oder zur Inanspruchnahmen Ihrer\ndarin angef\u00fchrten Rechte nutzen Sie bitte die E-Mail Adresse <a href=\"mailto:scheiflinger-trans@aon.at\">scheiflinger-trans@aon.at<\/a>. Des weiteren\nwenden Sie sich bei R\u00fcckfragen an unseren Berater in Sachen DSGVO<br>\nHr. Simon Scheiflinger Tel. +43&nbsp;676 3071466<\/p>\n","protected":false},"excerpt":{"rendered":"<p class=\"excerpt\">Sicherheit und Schutz Ihrer personenbezogenen Daten Es ist uns ein wichtiges Anliegen, die von Ihnen bereitgestellten personenbezogenen Daten anl\u00e4sslich eines Besuches auf unserer Website zu sch\u00fctzen. Wir sind bem\u00fcht, personenbezogene Daten durch Ergreifung aller technischen und organisatorischen Ma\u00dfnahmen so zu speichern, dass sie f\u00fcr Dritte nicht zug\u00e4nglich sind. Wir verarbeiten Ihre Daten ausschlie\u00dflich auf Grundlage [&hellip;]<\/p>\n","protected":false},"author":2,"featured_media":0,"parent":0,"menu_order":0,"comment_status":"closed","ping_status":"closed","template":"","meta":{"footnotes":""},"class_list":["post-28","page","type-page","status-publish","hentry"],"_links":{"self":[{"href":"https:\/\/www.erdbau-scheiflinger.at\/index.php?rest_route=\/wp\/v2\/pages\/28","targetHints":{"allow":["GET"]}}],"collection":[{"href":"https:\/\/www.erdbau-scheiflinger.at\/index.php?rest_route=\/wp\/v2\/pages"}],"about":[{"href":"https:\/\/www.erdbau-scheiflinger.at\/index.php?rest_route=\/wp\/v2\/types\/page"}],"author":[{"embeddable":true,"href":"https:\/\/www.erdbau-scheiflinger.at\/index.php?rest_route=\/wp\/v2\/users\/2"}],"replies":[{"embeddable":true,"href":"https:\/\/www.erdbau-scheiflinger.at\/index.php?rest_route=%2Fwp%2Fv2%2Fcomments&post=28"}],"version-history":[{"count":2,"href":"https:\/\/www.erdbau-scheiflinger.at\/index.php?rest_route=\/wp\/v2\/pages\/28\/revisions"}],"predecessor-version":[{"id":30,"href":"https:\/\/www.erdbau-scheiflinger.at\/index.php?rest_route=\/wp\/v2\/pages\/28\/revisions\/30"}],"wp:attachment":[{"href":"https:\/\/www.erdbau-scheiflinger.at\/index.php?rest_route=%2Fwp%2Fv2%2Fmedia&parent=28"}],"curies":[{"name":"wp","href":"https:\/\/api.w.org\/{rel}","templated":true}]}}